{"id":88,"date":"2026-03-06T09:35:49","date_gmt":"2026-03-06T08:35:49","guid":{"rendered":"http:\/\/localhost:81\/wordpress\/?page_id=88"},"modified":"2026-03-18T10:44:02","modified_gmt":"2026-03-18T09:44:02","slug":"participar","status":"publish","type":"page","link":"https:\/\/carnavalrussafa.org\/en\/participar\/","title":{"rendered":"Participate in the Carnival"},"content":{"rendered":"<h2 class=\"wp-block-heading\"><\/h2>\n\n\n\n<p class=\"has-large-font-size\">El Carnaval de Russafa es un evento abierto a la participaci\u00f3n de asociaciones, colectivos culturales, artistas y vecinos.<\/p>\n\n\n\n<h2 class=\"wp-block-heading\"><br>Formas de participar<\/h2>\n\n\n\n<div class=\"wp-block-columns is-layout-flex wp-container-core-columns-is-layout-28f84493 wp-block-columns-is-layout-flex\">\n<div class=\"wp-block-column is-layout-flow wp-block-column-is-layout-flow\" style=\"box-shadow:var(--wp--preset--shadow--sharp);flex-basis:33%\">\n<p><br><strong>Comparsas<\/strong><br>Participa en el desfile con tu grupo o asociaci\u00f3n.<\/p>\n<\/div>\n\n\n\n<div class=\"wp-block-column is-layout-flow wp-block-column-is-layout-flow\" style=\"box-shadow:var(--wp--preset--shadow--sharp);flex-basis:33.33%\">\n<p><br><strong>Voluntariado<\/strong><br>Colabora en la organizaci\u00f3n del carnaval.<\/p>\n<\/div>\n\n\n\n<div class=\"wp-block-column is-layout-flow wp-block-column-is-layout-flow\" style=\"box-shadow:var(--wp--preset--shadow--sharp);flex-basis:33.33%\">\n<p><br><strong>Asociaciones<\/strong><br>Forma parte de la red de asociaciones que apoyan el carnaval.<br><br><\/p>\n<\/div>\n<\/div>\n\n\n\n<hr class=\"wp-block-separator has-alpha-channel-opacity is-style-dots\"\/>\n\n\n\n<div class=\"wp-block-buttons is-content-justification-center is-layout-flex wp-container-core-buttons-is-layout-a89b3969 wp-block-buttons-is-layout-flex\">\n<div class=\"wp-block-button\"><a class=\"wp-block-button__link wp-element-button\" href=\"https:\/\/carnavalrussafa.org\/en\/formulario-de-inscripcion-en-el-carnaval\/\">PARTICIPA EN EL CARNAVAL <\/a><\/div>\n\n\n\n<div class=\"wp-block-button\"><a class=\"wp-block-button__link wp-element-button\" href=\"https:\/\/carnavalrussafa.org\/en\/formulario\/\">PARTICIPA EN EL MERCADILLO <\/a><\/div>\n\n\n\n<div class=\"wp-block-button\"><a class=\"wp-block-button__link wp-element-button\">SER VOLUNTARIO<\/a><\/div>\n<\/div>\n\n\n\n<div class=\"wp-block-group is-vertical is-content-justification-center is-layout-flex wp-container-core-group-is-layout-ce155fab wp-block-group-is-layout-flex\">\n<p class=\"has-text-align-center is-style-text-wrap-balance has-large-font-size is-style-text-wrap-balance--1\"><br>Descarga aqu\u00ed los compromisos de participaci\u00f3n para colectivos, <br>comparsas y fraternidades. Rellena el documento, f\u00edrmalo <br>y s\u00famate a esta fiesta intercultural y reivindicativa.<\/p>\n\n\n\n<p><\/p>\n\n\n\n<div class=\"wp-block-buttons is-content-justification-center is-layout-flex wp-container-core-buttons-is-layout-a89b3969 wp-block-buttons-is-layout-flex\" style=\"line-height:1.7\">\n<div class=\"wp-block-button\"><a class=\"wp-block-button__link has-base-color has-text-color has-background has-link-color wp-element-button\" href=\"https:\/\/carnavalrussafa.org\/wp-content\/uploads\/2026\/03\/COMPROMISO-ETICO-DE-PARTICIPACION-EN-EL-CARNAVAL-RUSSAFA-QUATRE-CARRERES-1-1-1.pdf\" style=\"background-color:#cf1905\"><strong>compromiso de participar en el carnaval <\/strong><\/a><\/div>\n\n\n\n<div class=\"wp-block-button\"><a class=\"wp-block-button__link has-base-color has-text-color has-background has-link-color wp-element-button\" href=\"https:\/\/carnavalrussafa.org\/wp-content\/uploads\/2026\/03\/COMPROMISO-ETICO-DE-PARTICIPACION-EN-EL-MERCADO-DEL-CARNAVAL-RUSSAFA.-.pdf\" style=\"background-color:#cf1905\"><strong>compromiso de participar en el mercado<\/strong><\/a><\/div>\n<\/div>\n<\/div>","protected":false},"excerpt":{"rendered":"<p>El Carnaval de Russafa es un evento abierto a la participaci\u00f3n de asociaciones, colectivos culturales, artistas y vecinos. Formas de participar ComparsasParticipa en el desfile con tu grupo o asociaci\u00f3n. VoluntariadoColabora en la organizaci\u00f3n del carnaval. AsociacionesForma parte de la red de asociaciones que apoyan el carnaval. Descarga aqu\u00ed los compromisos de participaci\u00f3n para colectivos, [&hellip;]<\/p>\n","protected":false},"author":1,"featured_media":0,"parent":0,"menu_order":0,"comment_status":"closed","ping_status":"closed","template":"","meta":{"footnotes":""},"class_list":["post-88","page","type-page","status-publish","hentry"],"_links":{"self":[{"href":"https:\/\/carnavalrussafa.org\/en\/wp-json\/wp\/v2\/pages\/88","targetHints":{"allow":["GET"]}}],"collection":[{"href":"https:\/\/carnavalrussafa.org\/en\/wp-json\/wp\/v2\/pages"}],"about":[{"href":"https:\/\/carnavalrussafa.org\/en\/wp-json\/wp\/v2\/types\/page"}],"author":[{"embeddable":true,"href":"https:\/\/carnavalrussafa.org\/en\/wp-json\/wp\/v2\/users\/1"}],"replies":[{"embeddable":true,"href":"https:\/\/carnavalrussafa.org\/en\/wp-json\/wp\/v2\/comments?post=88"}],"version-history":[{"count":6,"href":"https:\/\/carnavalrussafa.org\/en\/wp-json\/wp\/v2\/pages\/88\/revisions"}],"predecessor-version":[{"id":374,"href":"https:\/\/carnavalrussafa.org\/en\/wp-json\/wp\/v2\/pages\/88\/revisions\/374"}],"wp:attachment":[{"href":"https:\/\/carnavalrussafa.org\/en\/wp-json\/wp\/v2\/media?parent=88"}],"curies":[{"name":"wp","href":"https:\/\/api.w.org\/{rel}","templated":true}]}}