{"id":77,"date":"2026-03-06T10:09:03","date_gmt":"2026-03-06T09:09:03","guid":{"rendered":"http:\/\/localhost:81\/wordpress\/?page_id=77"},"modified":"2026-03-30T11:31:27","modified_gmt":"2026-03-30T09:31:27","slug":"inicio-2","status":"publish","type":"page","link":"https:\/\/carnavalrussafa.org\/en\/","title":{"rendered":""},"content":{"rendered":"<div class=\"wp-block-cover alignfull is-style-default\" style=\"padding-top:0;padding-bottom:0;box-shadow:var(--wp--preset--shadow--natural);min-height:600px;aspect-ratio:unset;\"><img loading=\"lazy\" decoding=\"async\" width=\"1536\" height=\"1024\" class=\"wp-block-cover__image-background wp-image-194 size-full\" alt=\"\" src=\"https:\/\/carnavalrussafa.org\/wp-content\/uploads\/2026\/03\/2.png\" data-object-fit=\"cover\"\/><span aria-hidden=\"true\" class=\"wp-block-cover__background has-accent-4-background-color has-background-dim-10 has-background-dim\"><\/span><div class=\"wp-block-cover__inner-container is-layout-flow wp-container-core-cover-is-layout-f3c7fa73 wp-block-cover-is-layout-flow\">\n<div class=\"wp-block-group has-background has-global-padding is-layout-constrained wp-block-group-is-layout-constrained\" style=\"background:radial-gradient(rgb(61,59,59) 0%,rgba(155,81,224,0) 76%)\">\n<h1 class=\"wp-block-heading has-text-align-center is-style-default\" style=\"font-size:3em;line-height:0\">  Carnaval de <\/h1>\n\n\n\n<h1 class=\"wp-block-heading has-text-align-center .mi-sombra-texto { text-shadow: 2px 4px rgba(0, 0, 0.5); }\" style=\"font-size:5em;line-height:0.8\"> Russafa<\/h1>\n\n\n\n<h2 class=\"wp-block-heading has-text-align-center has-base-color has-text-color has-link-color wp-elements-6bedf917c3d72a22261c4de2ed962842\" style=\"font-size:2.5em;line-height:0\"><strong>Quatre Carreres<\/strong><\/h2>\n\n\n\n<p class=\"has-text-align-center has-base-color has-text-color has-link-color has-x-large-font-size wp-elements-6cd469b93738a4e7196289c5d581839c\" style=\"line-height:0\"><br><br><\/p>\n<\/div>\n\n\n\n<h3 class=\"wp-block-heading has-text-align-center has-background has-large-font-size\" style=\"background:radial-gradient(rgb(9,9,9) 21%,rgba(7,7,7,0) 78%);line-height:1.2\"><strong>Celebrating cultural diversity in Valencia<\/strong><\/h3>\n\n\n\n<p style=\"line-height:0\"><\/p>\n\n\n\n<p class=\"has-text-align-center has-background has-large-font-size translation-block\" style=\"background:radial-gradient(rgb(9,9,9) 27%,rgba(7,0,0,0) 69%)\"><strong>The Russafa Carnival brings together every year associations, <\/strong><br><strong>cultural collectives and neighbors to celebrate <\/strong><br><strong>the diversity and cultural richness of the neighborhood. <\/strong><\/p>\n\n\n\n<div class=\"wp-block-buttons is-content-justification-center is-layout-flex wp-container-core-buttons-is-layout-a89b3969 wp-block-buttons-is-layout-flex\">\n<div class=\"wp-block-button\"><a class=\"wp-block-button__link has-accent-4-background-color has-background wp-element-button\" href=\"https:\/\/carnavalrussafa.org\/en\/carnaval-russafa-quatre-carreres-2026\/\">\nSee schedule\n<\/a><\/div>\n\n\n\n<div class=\"wp-block-button\"><a class=\"wp-block-button__link has-accent-1-background-color has-background wp-element-button\" href=\"https:\/\/carnavalrussafa.org\/en\/formulario-de-inscripcion-en-el-carnaval\/\">\nParticipate in the carnival\n<\/a><\/div>\n<\/div>\n<\/div><\/div>\n\n\n\n<div class=\"wp-block-columns alignwide are-vertically-aligned-center has-base-background-color has-background is-layout-flex wp-container-core-columns-is-layout-c7329a70 wp-block-columns-is-layout-flex\" style=\"border-top-left-radius:0px;border-top-right-radius:0px;border-bottom-left-radius:0px;border-bottom-right-radius:0px;border-top-style:none;border-top-width:0px;border-right-style:none;border-right-width:0px;border-bottom-color:#918f8f;border-bottom-width:2px;border-left-color:var(--wp--preset--color--base);padding-top:0;padding-right:0;padding-bottom:0;padding-left:0;line-height:0.3;box-shadow:var(--wp--preset--shadow--natural)\">\n<div class=\"wp-block-column is-vertically-aligned-center is-layout-flow wp-block-column-is-layout-flow\" style=\"box-shadow:none\">\n<h3 class=\"wp-block-heading has-text-align-center\">\ud83d\udcc5 Date<\/h3>\n\n\n\n<p class=\"has-text-align-center\">28-29 de Marzo 2026<\/p>\n<\/div>\n\n\n\n<div class=\"wp-block-column is-vertically-aligned-center is-style-default is-layout-flow wp-block-column-is-layout-flow\" style=\"border-right-color:#918f8f;border-right-width:1px;border-left-color:#918f8f;border-left-width:1px\">\n<h3 class=\"wp-block-heading has-text-align-center\">\ud83d\udccd Location<\/h3>\n\n\n\n<p class=\"has-text-align-center\">Barrio de Russafa \u2013 Valencia<\/p>\n<\/div>\n\n\n\n<div class=\"wp-block-column is-vertically-aligned-center is-layout-flow wp-block-column-is-layout-flow\">\n<h3 class=\"wp-block-heading has-text-align-center\">\ud83c\udfad Participants<\/h3>\n\n\n\n<p class=\"has-text-align-center\">Asociaciones culturales y comparsas <br>de diferentes comunidades.<\/p>\n<\/div>\n<\/div>\n\n\n\n<div class=\"wp-block-columns has-background is-layout-flex wp-container-core-columns-is-layout-28f84493 wp-block-columns-is-layout-flex\" style=\"background-color:#faede5\">\n<div class=\"wp-block-column is-layout-flow wp-block-column-is-layout-flow\">\n<h2 class=\"wp-block-heading has-text-align-center\">Multicultural carnival<\/h2>\n\n\n\n<hr class=\"wp-block-separator has-text-color has-alpha-channel-opacity has-background is-style-wide\" style=\"background-color:#7a7676;color:#7a7676\"\/>\n\n\n\n<p>The Russafa Carnival is an intercultural celebration where Latin American, African, Arab, and European communities that are part of the neighborhood participate.<\/p>\n\n\n\n<p>Music, dance, traditional costumes, and parades transform the streets into a space for meeting between cultures.<\/p>\n<\/div>\n\n\n\n<div class=\"wp-block-column is-layout-flow wp-block-column-is-layout-flow\">\n<figure class=\"wp-block-image aligncenter size-full is-resized has-custom-border is-style-default\"><img loading=\"lazy\" decoding=\"async\" width=\"1600\" height=\"1200\" src=\"https:\/\/carnavalrussafa.org\/wp-content\/uploads\/2026\/03\/WhatsApp-Image-2026-03-12-at-11.45.07.jpeg\" alt=\"\" class=\"wp-image-299\" style=\"border-top-left-radius:33px;border-top-right-radius:33px;border-bottom-left-radius:33px;border-bottom-right-radius:33px;box-shadow:var(--wp--preset--shadow--natural);aspect-ratio:1.6923348017621145;width:426px;height:auto\"\/><\/figure>\n<\/div>\n<\/div>\n\n\n\n<div class=\"wp-block-group has-global-padding is-layout-constrained wp-block-group-is-layout-constrained\" style=\"border-top-left-radius:38px;border-top-right-radius:38px;border-bottom-left-radius:38px;border-bottom-right-radius:38px;box-shadow:var(--wp--preset--shadow--sharp)\">\n<h2 class=\"wp-block-heading has-text-align-center\"><br>Previous editions of the Carnival<\/h2>\n\n\n\n<div class=\"wp-block-buttons is-content-justification-center is-layout-flex wp-container-core-buttons-is-layout-a89b3969 wp-block-buttons-is-layout-flex\">\n<div class=\"wp-block-button\"><a class=\"wp-block-button__link wp-element-button\">2025<\/a><\/div>\n\n\n\n<div class=\"wp-block-button\"><a class=\"wp-block-button__link wp-element-button\">2024<\/a><\/div>\n\n\n\n<div class=\"wp-block-button\"><a class=\"wp-block-button__link wp-element-button\">2024<\/a><\/div>\n\n\n\n<div class=\"wp-block-button\"><a class=\"wp-block-button__link wp-element-button\">2023<\/a><\/div>\n\n\n\n<div class=\"wp-block-button\"><a class=\"wp-block-button__link wp-element-button\">2022<\/a><\/div>\n\n\n\n<div class=\"wp-block-button\"><a class=\"wp-block-button__link wp-element-button\">2021<\/a><\/div>\n\n\n\n<div class=\"wp-block-button\"><a class=\"wp-block-button__link wp-element-button\">2020<\/a><\/div>\n\n\n\n<div class=\"wp-block-button\"><a class=\"wp-block-button__link wp-element-button\">2019<\/a><\/div>\n<\/div>\n\n\n\n<p class=\"has-base-color has-text-color has-link-color wp-elements-c0a1c2833929dadd580e5b3611220797\">hhhhhhhhhhhhhhhhhhhhhhhhh<\/p>\n<\/div>\n\n\n\n\n\n<hr class=\"wp-block-separator has-css-opacity is-style-wide\"\/>\n\n\n\n<h2 class=\"wp-block-heading has-text-align-center\">Carnival Gallery<\/h2>\n\n\n\n<figure class=\"wp-block-gallery has-nested-images columns-4 is-cropped wp-block-gallery-1 is-layout-flex wp-block-gallery-is-layout-flex\">\n<figure data-wp-context=\"{&quot;imageId&quot;:&quot;69d4c5c383407&quot;}\" data-wp-interactive=\"core\/image\" data-wp-key=\"69d4c5c383407\" class=\"wp-block-image size-large wp-lightbox-container\"><img loading=\"lazy\" decoding=\"async\" width=\"4288\" height=\"2848\" data-wp-class--hide=\"state.isContentHidden\" data-wp-class--show=\"state.isContentVisible\" data-wp-init=\"callbacks.setButtonStyles\" data-wp-on--click=\"actions.showLightbox\" data-wp-on--load=\"callbacks.setButtonStyles\" data-wp-on-window--resize=\"callbacks.setButtonStyles\" data-id=\"212\" src=\"https:\/\/carnavalrussafa.org\/wp-content\/uploads\/2026\/03\/DSC_0253.jpg\" alt=\"\" class=\"wp-image-212\"\/><button\n\t\t\tclass=\"lightbox-trigger\"\n\t\t\ttype=\"button\"\n\t\t\taria-haspopup=\"dialog\"\n\t\t\taria-label=\"Enlarge\"\n\t\t\tdata-wp-init=\"callbacks.initTriggerButton\"\n\t\t\tdata-wp-on--click=\"actions.showLightbox\"\n\t\t\tdata-wp-style--right=\"state.imageButtonRight\"\n\t\t\tdata-wp-style--top=\"state.imageButtonTop\"\n\t\t>\n\t\t\t<svg xmlns=\"http:\/\/www.w3.org\/2000\/svg\" width=\"12\" height=\"12\" fill=\"none\" viewbox=\"0 0 12 12\">\n\t\t\t\t<path fill=\"#fff\" d=\"M2 0a2 2 0 0 0-2 2v2h1.5V2a.5.5 0 0 1 .5-.5h2V0H2Zm2 10.5H2a.5.5 0 0 1-.5-.5V8H0v2a2 2 0 0 0 2 2h2v-1.5ZM8 12v-1.5h2a.5.5 0 0 0 .5-.5V8H12v2a2 2 0 0 1-2 2H8Zm2-12a2 2 0 0 1 2 2v2h-1.5V2a.5.5 0 0 0-.5-.5H8V0h2Z\" \/>\n\t\t\t<\/svg>\n\t\t<\/button><\/figure>\n\n\n\n<figure data-wp-context=\"{&quot;imageId&quot;:&quot;69d4c5c383ed6&quot;}\" data-wp-interactive=\"core\/image\" data-wp-key=\"69d4c5c383ed6\" class=\"wp-block-image size-large wp-lightbox-container\"><img loading=\"lazy\" decoding=\"async\" width=\"7360\" height=\"4912\" data-wp-class--hide=\"state.isContentHidden\" data-wp-class--show=\"state.isContentVisible\" data-wp-init=\"callbacks.setButtonStyles\" data-wp-on--click=\"actions.showLightbox\" data-wp-on--load=\"callbacks.setButtonStyles\" data-wp-on-window--resize=\"callbacks.setButtonStyles\" data-id=\"207\" src=\"https:\/\/carnavalrussafa.org\/wp-content\/uploads\/2026\/03\/25022017-_DSC8729.jpg\" alt=\"\" class=\"wp-image-207\"\/><button\n\t\t\tclass=\"lightbox-trigger\"\n\t\t\ttype=\"button\"\n\t\t\taria-haspopup=\"dialog\"\n\t\t\taria-label=\"Enlarge\"\n\t\t\tdata-wp-init=\"callbacks.initTriggerButton\"\n\t\t\tdata-wp-on--click=\"actions.showLightbox\"\n\t\t\tdata-wp-style--right=\"state.imageButtonRight\"\n\t\t\tdata-wp-style--top=\"state.imageButtonTop\"\n\t\t>\n\t\t\t<svg xmlns=\"http:\/\/www.w3.org\/2000\/svg\" width=\"12\" height=\"12\" fill=\"none\" viewbox=\"0 0 12 12\">\n\t\t\t\t<path fill=\"#fff\" d=\"M2 0a2 2 0 0 0-2 2v2h1.5V2a.5.5 0 0 1 .5-.5h2V0H2Zm2 10.5H2a.5.5 0 0 1-.5-.5V8H0v2a2 2 0 0 0 2 2h2v-1.5ZM8 12v-1.5h2a.5.5 0 0 0 .5-.5V8H12v2a2 2 0 0 1-2 2H8Zm2-12a2 2 0 0 1 2 2v2h-1.5V2a.5.5 0 0 0-.5-.5H8V0h2Z\" \/>\n\t\t\t<\/svg>\n\t\t<\/button><\/figure>\n\n\n\n<figure data-wp-context=\"{&quot;imageId&quot;:&quot;69d4c5c3847af&quot;}\" data-wp-interactive=\"core\/image\" data-wp-key=\"69d4c5c3847af\" class=\"wp-block-image size-large wp-lightbox-container\"><img loading=\"lazy\" decoding=\"async\" width=\"1423\" height=\"945\" data-wp-class--hide=\"state.isContentHidden\" data-wp-class--show=\"state.isContentVisible\" data-wp-init=\"callbacks.setButtonStyles\" data-wp-on--click=\"actions.showLightbox\" data-wp-on--load=\"callbacks.setButtonStyles\" data-wp-on-window--resize=\"callbacks.setButtonStyles\" data-id=\"208\" src=\"https:\/\/carnavalrussafa.org\/wp-content\/uploads\/2026\/03\/carnaval-455b.jpg\" alt=\"\" class=\"wp-image-208\"\/><button\n\t\t\tclass=\"lightbox-trigger\"\n\t\t\ttype=\"button\"\n\t\t\taria-haspopup=\"dialog\"\n\t\t\taria-label=\"Enlarge\"\n\t\t\tdata-wp-init=\"callbacks.initTriggerButton\"\n\t\t\tdata-wp-on--click=\"actions.showLightbox\"\n\t\t\tdata-wp-style--right=\"state.imageButtonRight\"\n\t\t\tdata-wp-style--top=\"state.imageButtonTop\"\n\t\t>\n\t\t\t<svg xmlns=\"http:\/\/www.w3.org\/2000\/svg\" width=\"12\" height=\"12\" fill=\"none\" viewbox=\"0 0 12 12\">\n\t\t\t\t<path fill=\"#fff\" d=\"M2 0a2 2 0 0 0-2 2v2h1.5V2a.5.5 0 0 1 .5-.5h2V0H2Zm2 10.5H2a.5.5 0 0 1-.5-.5V8H0v2a2 2 0 0 0 2 2h2v-1.5ZM8 12v-1.5h2a.5.5 0 0 0 .5-.5V8H12v2a2 2 0 0 1-2 2H8Zm2-12a2 2 0 0 1 2 2v2h-1.5V2a.5.5 0 0 0-.5-.5H8V0h2Z\" \/>\n\t\t\t<\/svg>\n\t\t<\/button><\/figure>\n\n\n\n<figure data-wp-context=\"{&quot;imageId&quot;:&quot;69d4c5c385078&quot;}\" data-wp-interactive=\"core\/image\" data-wp-key=\"69d4c5c385078\" class=\"wp-block-image size-large wp-lightbox-container\"><img loading=\"lazy\" decoding=\"async\" width=\"4288\" height=\"2848\" data-wp-class--hide=\"state.isContentHidden\" data-wp-class--show=\"state.isContentVisible\" data-wp-init=\"callbacks.setButtonStyles\" data-wp-on--click=\"actions.showLightbox\" data-wp-on--load=\"callbacks.setButtonStyles\" data-wp-on-window--resize=\"callbacks.setButtonStyles\" data-id=\"214\" src=\"https:\/\/carnavalrussafa.org\/wp-content\/uploads\/2026\/03\/DSC_0378.jpg\" alt=\"\" class=\"wp-image-214\"\/><button\n\t\t\tclass=\"lightbox-trigger\"\n\t\t\ttype=\"button\"\n\t\t\taria-haspopup=\"dialog\"\n\t\t\taria-label=\"Enlarge\"\n\t\t\tdata-wp-init=\"callbacks.initTriggerButton\"\n\t\t\tdata-wp-on--click=\"actions.showLightbox\"\n\t\t\tdata-wp-style--right=\"state.imageButtonRight\"\n\t\t\tdata-wp-style--top=\"state.imageButtonTop\"\n\t\t>\n\t\t\t<svg xmlns=\"http:\/\/www.w3.org\/2000\/svg\" width=\"12\" height=\"12\" fill=\"none\" viewbox=\"0 0 12 12\">\n\t\t\t\t<path fill=\"#fff\" d=\"M2 0a2 2 0 0 0-2 2v2h1.5V2a.5.5 0 0 1 .5-.5h2V0H2Zm2 10.5H2a.5.5 0 0 1-.5-.5V8H0v2a2 2 0 0 0 2 2h2v-1.5ZM8 12v-1.5h2a.5.5 0 0 0 .5-.5V8H12v2a2 2 0 0 1-2 2H8Zm2-12a2 2 0 0 1 2 2v2h-1.5V2a.5.5 0 0 0-.5-.5H8V0h2Z\" \/>\n\t\t\t<\/svg>\n\t\t<\/button><\/figure>\n<\/figure>\n\n\n\n<hr class=\"wp-block-separator has-css-opacity is-style-wide\"\/>\n\n\n\n<h2 class=\"wp-block-heading has-text-align-center\"><br>Participate in the Carnival<\/h2>\n\n\n\n<div class=\"wp-block-buttons is-content-justification-center is-layout-flex wp-container-core-buttons-is-layout-a89b3969 wp-block-buttons-is-layout-flex\">\n<div class=\"wp-block-button\"><a class=\"wp-block-button__link has-vivid-red-background-color has-background wp-element-button\">\nRegistration of dance troupes\n<\/a><\/div>\n\n\n\n<div class=\"wp-block-button\"><a class=\"wp-block-button__link has-vivid-green-cyan-background-color has-background wp-element-button\">To be a volunteer <\/a><\/div>\n<\/div>\n\n\n\n<p><\/p>\n\n\n\n<div class=\"wp-block-group is-style-default has-base-color has-contrast-midtone-background-color has-text-color has-background has-link-color wp-elements-840a46cb2d2ac1b25898b34de512e1c0 has-global-padding is-layout-constrained wp-block-group-is-layout-constrained\" style=\"box-shadow:var(--wp--preset--shadow--natural)\">\n<div class=\"wp-block-columns are-vertically-aligned-center is-layout-flex wp-container-core-columns-is-layout-28f84493 wp-block-columns-is-layout-flex\">\n<div class=\"wp-block-column is-vertically-aligned-center is-layout-flow wp-block-column-is-layout-flow\" style=\"flex-basis:25%\">\n<p class=\"has-text-align-center\"><br>\u260e +34 963 80 50 76<\/p>\n<\/div>\n\n\n\n<div class=\"wp-block-column is-vertically-aligned-center is-layout-flow wp-block-column-is-layout-flow\" style=\"flex-basis:25%\">\n<p class=\"has-text-align-center\"><br>\u2709\ufe0f jarit@jarit.org<\/p>\n<\/div>\n\n\n\n<div class=\"wp-block-column is-vertically-aligned-center is-layout-flow wp-block-column-is-layout-flow\" style=\"flex-basis:45%\">\n<p class=\"has-text-align-center\"><br>\ud83d\udccd Calle de B\u00e8rnia, 16, Valencia, Spain<\/p>\n<\/div>\n<\/div>\n\n\n\n<p class=\"has-text-align-center translation-block\" style=\"font-size:1em\"><br>The Russafa Carnival is a space<br>for meeting between cultures where creativity, music, and coexistence fill the streets of the neighborhood.<br><br><\/p>\n\n\n\n<p class=\"has-text-align-center has-medium-font-size\">\u00a9 Intercultural Federation of Russafa Carnival<br><br><\/p>\n<\/div>\n\n\n\n<p><\/p>","protected":false},"excerpt":{"rendered":"<p>\ud83d\udcc5 Fecha 28-29 de Marzo 2026 \ud83d\udccd Lugar Barrio de Russafa \u2013 Valencia \ud83c\udfad Participantes Asociaciones culturales y comparsas de diferentes comunidades. Carnaval multicultural El Carnaval de Russafa es una celebraci\u00f3n intercultural donde participan comunidades latinoamericanas, africanas, \u00e1rabes y europeas que forman parte del barrio. La m\u00fasica, la danza, los trajes tradicionales y las comparsas [&hellip;]<\/p>\n","protected":false},"author":1,"featured_media":0,"parent":0,"menu_order":0,"comment_status":"closed","ping_status":"closed","template":"","meta":{"footnotes":""},"class_list":["post-77","page","type-page","status-publish","hentry"],"_links":{"self":[{"href":"https:\/\/carnavalrussafa.org\/en\/wp-json\/wp\/v2\/pages\/77","targetHints":{"allow":["GET"]}}],"collection":[{"href":"https:\/\/carnavalrussafa.org\/en\/wp-json\/wp\/v2\/pages"}],"about":[{"href":"https:\/\/carnavalrussafa.org\/en\/wp-json\/wp\/v2\/types\/page"}],"author":[{"embeddable":true,"href":"https:\/\/carnavalrussafa.org\/en\/wp-json\/wp\/v2\/users\/1"}],"replies":[{"embeddable":true,"href":"https:\/\/carnavalrussafa.org\/en\/wp-json\/wp\/v2\/comments?post=77"}],"version-history":[{"count":75,"href":"https:\/\/carnavalrussafa.org\/en\/wp-json\/wp\/v2\/pages\/77\/revisions"}],"predecessor-version":[{"id":519,"href":"https:\/\/carnavalrussafa.org\/en\/wp-json\/wp\/v2\/pages\/77\/revisions\/519"}],"wp:attachment":[{"href":"https:\/\/carnavalrussafa.org\/en\/wp-json\/wp\/v2\/media?parent=77"}],"curies":[{"name":"wp","href":"https:\/\/api.w.org\/{rel}","templated":true}]}}